{"id":18,"date":"2015-06-29T14:58:36","date_gmt":"2015-06-29T13:58:36","guid":{"rendered":"http:\/\/www.verdeil.ch\/philosophes\/?page_id=18"},"modified":"2025-07-10T07:50:49","modified_gmt":"2025-07-10T06:50:49","slug":"blogs","status":"publish","type":"page","link":"https:\/\/www.verdeil.ch\/philosophes\/?page_id=18","title":{"rendered":"Blogs"},"content":{"rendered":"<p>Bienvenue dans l&rsquo;espace consacr\u00e9 aux diff\u00e9rents blogs de l&rsquo;\u00e9cole de la rue des Philosophes. N&rsquo;h\u00e9sitez pas \u00e0 laisser des commentaires lors de votre passage \ud83d\ude42<\/p>\n<p>Bonne Lecture!<\/p>\n\n\n<p><\/p>\n","protected":false},"excerpt":{"rendered":"<p>Bienvenue dans l&rsquo;espace consacr\u00e9 aux diff\u00e9rents blogs de l&rsquo;\u00e9cole de la rue des Philosophes. N&rsquo;h\u00e9sitez pas \u00e0 laisser des commentaires lors de votre passage \ud83d\ude42 Bonne Lecture!<\/p>\n","protected":false},"author":43,"featured_media":0,"parent":0,"menu_order":0,"comment_status":"closed","ping_status":"closed","template":"page-templates\/grid-page.php","meta":{"footnotes":""},"class_list":["post-18","page","type-page","status-publish","hentry","without-featured-image"],"jetpack_sharing_enabled":true,"_links":{"self":[{"href":"https:\/\/www.verdeil.ch\/philosophes\/index.php?rest_route=\/wp\/v2\/pages\/18","targetHints":{"allow":["GET"]}}],"collection":[{"href":"https:\/\/www.verdeil.ch\/philosophes\/index.php?rest_route=\/wp\/v2\/pages"}],"about":[{"href":"https:\/\/www.verdeil.ch\/philosophes\/index.php?rest_route=\/wp\/v2\/types\/page"}],"author":[{"embeddable":true,"href":"https:\/\/www.verdeil.ch\/philosophes\/index.php?rest_route=\/wp\/v2\/users\/43"}],"replies":[{"embeddable":true,"href":"https:\/\/www.verdeil.ch\/philosophes\/index.php?rest_route=%2Fwp%2Fv2%2Fcomments&post=18"}],"version-history":[{"count":3,"href":"https:\/\/www.verdeil.ch\/philosophes\/index.php?rest_route=\/wp\/v2\/pages\/18\/revisions"}],"predecessor-version":[{"id":12400,"href":"https:\/\/www.verdeil.ch\/philosophes\/index.php?rest_route=\/wp\/v2\/pages\/18\/revisions\/12400"}],"wp:attachment":[{"href":"https:\/\/www.verdeil.ch\/philosophes\/index.php?rest_route=%2Fwp%2Fv2%2Fmedia&parent=18"}],"curies":[{"name":"wp","href":"https:\/\/api.w.org\/{rel}","templated":true}]}}