{"id":159,"date":"2015-06-29T16:42:20","date_gmt":"2015-06-29T15:42:20","guid":{"rendered":"http:\/\/www.verdeil.ch\/philosophes\/?page_id=159"},"modified":"2015-08-19T09:29:11","modified_gmt":"2015-08-19T08:29:11","slug":"presentation-generale","status":"publish","type":"page","link":"https:\/\/www.verdeil.ch\/philosophes\/?page_id=159","title":{"rendered":"Pr\u00e9sentation g\u00e9n\u00e9rale"},"content":{"rendered":"<p><strong><span style=\"text-decoration: underline;\">Une \u00e9cole d\u2019enseignement sp\u00e9cialis\u00e9 c\u2019est:<\/span><\/strong><\/p>\n<p>Imaginer un milieu de vie, de culture et d\u2019apprentissage \u00e0 la mesure des enfants et adolescents en tant que personnes. Admettre les difficult\u00e9s ou les d\u00e9ficiences&#8230; et faire le pari de la r\u00e9alit\u00e9 des changements possibles. Garantir \u00e0 l\u2019\u00e9l\u00e8ve des m\u00e9thodes d\u2019enseignement diversifi\u00e9es, bas\u00e9es sur l\u2019observation de ses comp\u00e9tences et non sur l\u2019imposition d\u2019un programme standardis\u00e9. Partager avec les parents l\u2019\u00e9volution et les besoins de leur enfant. Les moyens mis en place sont: Une \u00e9quipe pluridisciplinaire (enseignants sp\u00e9cialis\u00e9s, logop\u00e9distes, psychologues, psychomotriciens). Un enseignement sp\u00e9cialis\u00e9 adapt\u00e9 et r\u00e9actualis\u00e9 dans le cadre d\u2019un projet de formation continue individualis\u00e9. Des rencontres r\u00e9guli\u00e8res avec la famille. Une \u00e9valuation r\u00e9guli\u00e8re du projet p\u00e9dago-th\u00e9rapeutique pour l\u2019\u00e9l\u00e8ve par des rencontres interdisciplinaires. Une \u00e9valuation en fin d\u2019ann\u00e9e scolaire.<\/p>\n<p><strong><span style=\"text-decoration: underline;\">Les moyens mis en place sont:<\/span><\/strong><\/p>\n<p>Une \u00e9quipe pluridisciplinaire (enseignants sp\u00e9cialis\u00e9s, logop\u00e9distes, psychologues, psychomotriciens).<br \/>\nUn enseignement sp\u00e9cialis\u00e9 adapt\u00e9 et r\u00e9actualis\u00e9 dans le cadre d\u2019un projet de formation continue individualis\u00e9.<br \/>\nDes rencontres r\u00e9guli\u00e8res avec la famille.<br \/>\nUne \u00e9valuation r\u00e9guli\u00e8re du projet p\u00e9dago-th\u00e9rapeutique pour l\u2019\u00e9l\u00e8ve par des rencontres interdisciplinaires.<br \/>\nUne \u00e9valuation en fin d\u2019ann\u00e9e scolaire.<\/p>\n","protected":false},"excerpt":{"rendered":"<p>Une \u00e9cole d\u2019enseignement sp\u00e9cialis\u00e9 c\u2019est: Imaginer un milieu de vie, de culture et d\u2019apprentissage \u00e0 la mesure des enfants et adolescents en tant que personnes. Admettre les difficult\u00e9s ou les d\u00e9ficiences&#8230; et faire le pari de la r\u00e9alit\u00e9 des changements possibles. Garantir \u00e0 l\u2019\u00e9l\u00e8ve des m\u00e9thodes d\u2019enseignement diversifi\u00e9es, bas\u00e9es sur l\u2019observation de ses comp\u00e9tences et &hellip; <a href=\"https:\/\/www.verdeil.ch\/philosophes\/?page_id=159\" class=\"more-link\">Lire la suite <span class=\"screen-reader-text\">Pr\u00e9sentation g\u00e9n\u00e9rale<\/span><\/a><\/p>\n","protected":false},"author":7,"featured_media":0,"parent":125,"menu_order":0,"comment_status":"closed","ping_status":"closed","template":"","meta":{"footnotes":""},"class_list":["post-159","page","type-page","status-publish","hentry","without-featured-image"],"jetpack_sharing_enabled":true,"_links":{"self":[{"href":"https:\/\/www.verdeil.ch\/philosophes\/index.php?rest_route=\/wp\/v2\/pages\/159","targetHints":{"allow":["GET"]}}],"collection":[{"href":"https:\/\/www.verdeil.ch\/philosophes\/index.php?rest_route=\/wp\/v2\/pages"}],"about":[{"href":"https:\/\/www.verdeil.ch\/philosophes\/index.php?rest_route=\/wp\/v2\/types\/page"}],"author":[{"embeddable":true,"href":"https:\/\/www.verdeil.ch\/philosophes\/index.php?rest_route=\/wp\/v2\/users\/7"}],"replies":[{"embeddable":true,"href":"https:\/\/www.verdeil.ch\/philosophes\/index.php?rest_route=%2Fwp%2Fv2%2Fcomments&post=159"}],"version-history":[{"count":2,"href":"https:\/\/www.verdeil.ch\/philosophes\/index.php?rest_route=\/wp\/v2\/pages\/159\/revisions"}],"predecessor-version":[{"id":170,"href":"https:\/\/www.verdeil.ch\/philosophes\/index.php?rest_route=\/wp\/v2\/pages\/159\/revisions\/170"}],"up":[{"embeddable":true,"href":"https:\/\/www.verdeil.ch\/philosophes\/index.php?rest_route=\/wp\/v2\/pages\/125"}],"wp:attachment":[{"href":"https:\/\/www.verdeil.ch\/philosophes\/index.php?rest_route=%2Fwp%2Fv2%2Fmedia&parent=159"}],"curies":[{"name":"wp","href":"https:\/\/api.w.org\/{rel}","templated":true}]}}