{"id":156,"date":"2015-06-29T16:40:48","date_gmt":"2015-06-29T15:40:48","guid":{"rendered":"http:\/\/www.verdeil.ch\/philosophes\/?page_id=156"},"modified":"2019-07-09T19:52:27","modified_gmt":"2019-07-09T18:52:27","slug":"accueil","status":"publish","type":"page","link":"https:\/\/www.verdeil.ch\/philosophes\/","title":{"rendered":"Accueil"},"content":{"rendered":"<p>Bienvenue sur le site\u00a0de notre \u00e9cole,<\/p>\n<p>Vous trouverez ici des informations sur la vie des \u00e9l\u00e8ves, des classes ainsi que des informations g\u00e9n\u00e9rales sur l&rsquo;\u00e9cole.<\/p>\n<p>L&rsquo;essentiel du site\u00a0est aliment\u00e9 par les \u00e9l\u00e8ves au rythme des activit\u00e9s de l&rsquo;\u00e9cole. Il est avant tout destin\u00e9 aux parents et aux familles.<\/p>\n<p>Si vous avez des remarques n&rsquo;h\u00e9sitez pas \u00e0 nous en faire part soit directement sur le site, soit en prenant contact avec l&rsquo;\u00e9cole.<\/p>\n<p><strong><span class=\"Apple-style-span\">Si vous d\u00e9sirez qu\u2019une photo de votre enfant soit retir\u00e9e, merci de prendre contact avec\u00a0<a href=\"http:\/\/www.verdeil.ch\/philosophes\/?page_id=66\">la direction de l&rsquo;\u00e9cole<\/a><\/span><\/strong><\/p>\n<p>Bonne visite \ud83d\ude42<\/p>\n<hr \/>\n<h3><\/h3>\n<h3 style=\"text-align: center;\"><a href=\"https:\/\/outside-thebox.ch\/a-lecole-des-philosophes\/\">A l&rsquo;\u00e9cole des Philosophes<\/a><\/h3>\n<p><a href=\"https:\/\/www.verdeil.ch\/philosophes\/wp-content\/uploads\/2019\/07\/Affiche-A-le\u0301cole-des-philosophes.jpg\"><img loading=\"lazy\" decoding=\"async\" class=\"size-medium wp-image-6881 aligncenter\" src=\"https:\/\/www.verdeil.ch\/philosophes\/wp-content\/uploads\/2019\/07\/Affiche-A-le\u0301cole-des-philosophes-212x300.jpg\" alt=\"\" width=\"212\" height=\"300\" srcset=\"https:\/\/www.verdeil.ch\/philosophes\/wp-content\/uploads\/2019\/07\/Affiche-A-le\u0301cole-des-philosophes-212x300.jpg 212w, https:\/\/www.verdeil.ch\/philosophes\/wp-content\/uploads\/2019\/07\/Affiche-A-le\u0301cole-des-philosophes-269x380.jpg 269w, https:\/\/www.verdeil.ch\/philosophes\/wp-content\/uploads\/2019\/07\/Affiche-A-le\u0301cole-des-philosophes.jpg 679w\" sizes=\"auto, (max-width: 212px) 100vw, 212px\" \/><\/a><\/p>\n<div class=\"jetpack-video-wrapper\"><iframe loading=\"lazy\" title=\"Trailer \u00c0 L&#039;\u00c9COLE DES PHILOSOPHES de Fernand Melgar\" width=\"620\" height=\"349\" src=\"https:\/\/www.youtube.com\/embed\/SvV2ihaFZj0?feature=oembed\" frameborder=\"0\" allow=\"accelerometer; autoplay; clipboard-write; encrypted-media; gyroscope; picture-in-picture; web-share\" referrerpolicy=\"strict-origin-when-cross-origin\" allowfullscreen><\/iframe><\/div>\n","protected":false},"excerpt":{"rendered":"<p>Bienvenue sur le site\u00a0de notre \u00e9cole, Vous trouverez ici des informations sur la vie des \u00e9l\u00e8ves, des classes ainsi que des informations g\u00e9n\u00e9rales sur l&rsquo;\u00e9cole. L&rsquo;essentiel du site\u00a0est aliment\u00e9 par les \u00e9l\u00e8ves au rythme des activit\u00e9s de l&rsquo;\u00e9cole. Il est avant tout destin\u00e9 aux parents et aux familles. Si vous avez des remarques n&rsquo;h\u00e9sitez pas &hellip; <a href=\"https:\/\/www.verdeil.ch\/philosophes\/\" class=\"more-link\">Lire la suite <span class=\"screen-reader-text\">Accueil<\/span><\/a><\/p>\n","protected":false},"author":7,"featured_media":0,"parent":0,"menu_order":0,"comment_status":"closed","ping_status":"closed","template":"","meta":{"footnotes":""},"class_list":["post-156","page","type-page","status-publish","hentry","without-featured-image"],"jetpack_sharing_enabled":true,"_links":{"self":[{"href":"https:\/\/www.verdeil.ch\/philosophes\/index.php?rest_route=\/wp\/v2\/pages\/156","targetHints":{"allow":["GET"]}}],"collection":[{"href":"https:\/\/www.verdeil.ch\/philosophes\/index.php?rest_route=\/wp\/v2\/pages"}],"about":[{"href":"https:\/\/www.verdeil.ch\/philosophes\/index.php?rest_route=\/wp\/v2\/types\/page"}],"author":[{"embeddable":true,"href":"https:\/\/www.verdeil.ch\/philosophes\/index.php?rest_route=\/wp\/v2\/users\/7"}],"replies":[{"embeddable":true,"href":"https:\/\/www.verdeil.ch\/philosophes\/index.php?rest_route=%2Fwp%2Fv2%2Fcomments&post=156"}],"version-history":[{"count":16,"href":"https:\/\/www.verdeil.ch\/philosophes\/index.php?rest_route=\/wp\/v2\/pages\/156\/revisions"}],"predecessor-version":[{"id":8602,"href":"https:\/\/www.verdeil.ch\/philosophes\/index.php?rest_route=\/wp\/v2\/pages\/156\/revisions\/8602"}],"wp:attachment":[{"href":"https:\/\/www.verdeil.ch\/philosophes\/index.php?rest_route=%2Fwp%2Fv2%2Fmedia&parent=156"}],"curies":[{"name":"wp","href":"https:\/\/api.w.org\/{rel}","templated":true}]}}