{"id":7887,"date":"2021-11-01T14:44:13","date_gmt":"2021-11-01T13:44:13","guid":{"rendered":"https:\/\/www.verdeil.ch\/guillermaux\/?page_id=7887"},"modified":"2026-01-29T11:29:41","modified_gmt":"2026-01-29T10:29:41","slug":"la-classe-108-de-maude-et-alice","status":"publish","type":"page","link":"https:\/\/www.verdeil.ch\/guillermaux\/page-d-exemple\/la-classe-108-de-maude-et-alice","title":{"rendered":"Classe 108 de Sandra"},"content":{"rendered":"\n<p>Dans la classe 108, il y a 8 \u00e9l\u00e8ves. Il y a  Noah, Soraia, Diogo G., Kilian, Chamir, Diogo S., Dwayne et Ruben<\/p>\n\n\n\n<p>Les adultes qui travaillent dans la classe sont : Sandra, J\u00e9r\u00e9my, Cassandra, Brigitte et Alessia.<\/p>\n\n\n\n<p>Au mois d&rsquo;octobre 2025, la classe a d\u00e9m\u00e9nag\u00e9 de Chevroux \u00e0 Payerne.<\/p>\n\n\n\n<p><\/p>\n\n\n\n<p><\/p>\n\n\n\n<p class=\"has-text-align-right\"><em>Page actualis\u00e9e en janvier 2026.<\/em><\/p>\n","protected":false},"excerpt":{"rendered":"<p>Dans la classe 108, il y a 8 \u00e9l\u00e8ves. Il y a Noah, Soraia, Diogo G., Kilian, Chamir, Diogo S., Dwayne et Ruben Les adultes qui travaillent dans la classe sont : Sandra, J\u00e9r\u00e9my, Cassandra, Brigitte et Alessia. Au mois d&rsquo;octobre 2025, la classe a d\u00e9m\u00e9nag\u00e9 de Chevroux \u00e0 Payerne.\u2026<\/p>\n<p> <a class=\"continue-reading-link\" href=\"https:\/\/www.verdeil.ch\/guillermaux\/page-d-exemple\/la-classe-108-de-maude-et-alice\"><span>Continue reading<\/span><i class=\"crycon-right-dir\"><\/i><\/a> <\/p>\n","protected":false},"author":9,"featured_media":0,"parent":2,"menu_order":9,"comment_status":"closed","ping_status":"closed","template":"","meta":{"footnotes":""},"class_list":["post-7887","page","type-page","status-publish","hentry"],"_links":{"self":[{"href":"https:\/\/www.verdeil.ch\/guillermaux\/wp-json\/wp\/v2\/pages\/7887","targetHints":{"allow":["GET"]}}],"collection":[{"href":"https:\/\/www.verdeil.ch\/guillermaux\/wp-json\/wp\/v2\/pages"}],"about":[{"href":"https:\/\/www.verdeil.ch\/guillermaux\/wp-json\/wp\/v2\/types\/page"}],"author":[{"embeddable":true,"href":"https:\/\/www.verdeil.ch\/guillermaux\/wp-json\/wp\/v2\/users\/9"}],"replies":[{"embeddable":true,"href":"https:\/\/www.verdeil.ch\/guillermaux\/wp-json\/wp\/v2\/comments?post=7887"}],"version-history":[{"count":23,"href":"https:\/\/www.verdeil.ch\/guillermaux\/wp-json\/wp\/v2\/pages\/7887\/revisions"}],"predecessor-version":[{"id":8964,"href":"https:\/\/www.verdeil.ch\/guillermaux\/wp-json\/wp\/v2\/pages\/7887\/revisions\/8964"}],"up":[{"embeddable":true,"href":"https:\/\/www.verdeil.ch\/guillermaux\/wp-json\/wp\/v2\/pages\/2"}],"wp:attachment":[{"href":"https:\/\/www.verdeil.ch\/guillermaux\/wp-json\/wp\/v2\/media?parent=7887"}],"curies":[{"name":"wp","href":"https:\/\/api.w.org\/{rel}","templated":true}]}}