{"id":2,"date":"2015-04-18T11:21:02","date_gmt":"2015-04-18T11:21:02","guid":{"rendered":"http:\/\/www.verdeil.ch\/guillermaux\/?page_id=2"},"modified":"2024-02-04T18:46:26","modified_gmt":"2024-02-04T17:46:26","slug":"page-d-exemple","status":"publish","type":"page","link":"https:\/\/www.verdeil.ch\/guillermaux\/page-d-exemple","title":{"rendered":"Pr\u00e9sentation de l&rsquo;\u00e9cole"},"content":{"rendered":"\n<h3 class=\"wp-block-heading\">L&rsquo;\u00e9cole En Guillermaux<\/h3>\n\n\n\n<p>Notre \u00e9cole est une \u00e9cole sp\u00e9cialis\u00e9e qui accueille 52 \u00e9l\u00e8ves r\u00e9partis dans 8 classes sur 2 sites.<\/p>\n\n\n\n<p>Dans le b\u00e2timent de Payerne, il y a 6 classes.\u00a0En plus des classes, il y a aussi une salle\u00a0\u00e0\u00a0manger, une cuisine pour le cuisinier et une autre pour les \u00e9l\u00e8ves.\u00a0Les th\u00e9rapeutes ont leur bureau \u00e0 Payerne. Il y a aussi une biblioth\u00e8que pour tout le monde.<\/p>\n\n\n\n<figure class=\"wp-block-image size-large\"><img loading=\"lazy\" decoding=\"async\" width=\"1024\" height=\"768\" src=\"https:\/\/www.verdeil.ch\/guillermaux\/wp-content\/uploads\/2021\/11\/IMG_4429-3-1024x768.jpeg\" alt=\"\" class=\"wp-image-7916\" srcset=\"https:\/\/www.verdeil.ch\/guillermaux\/wp-content\/uploads\/2021\/11\/IMG_4429-3-1024x768.jpeg 1024w, https:\/\/www.verdeil.ch\/guillermaux\/wp-content\/uploads\/2021\/11\/IMG_4429-3-300x225.jpeg 300w, https:\/\/www.verdeil.ch\/guillermaux\/wp-content\/uploads\/2021\/11\/IMG_4429-3-768x576.jpeg 768w, https:\/\/www.verdeil.ch\/guillermaux\/wp-content\/uploads\/2021\/11\/IMG_4429-3-1536x1152.jpeg 1536w, https:\/\/www.verdeil.ch\/guillermaux\/wp-content\/uploads\/2021\/11\/IMG_4429-3-2048x1536.jpeg 2048w, https:\/\/www.verdeil.ch\/guillermaux\/wp-content\/uploads\/2021\/11\/IMG_4429-3-150x113.jpeg 150w\" sizes=\"auto, (max-width: 1024px) 100vw, 1024px\" \/><figcaption class=\"wp-element-caption\">L&rsquo;inauguration du site de Payerne a eu lieu en septembre 2020.<\/figcaption><\/figure>\n\n\n\n<p>Le b\u00e2timent de Chevroux accueille les \u00e9l\u00e8ves du secondaire, ce sont les plus grands.<\/p>\n\n\n\n<p>Au rez, il y a deux salles de classe. Au 1er \u00e9tage, il y a une salle de th\u00e9rapie et une salle polyvalente : r\u00e9fectoire, salle des ma\u00eetres et salle de th\u00e9rapie de groupe.<\/p>\n\n\n\n<figure class=\"wp-block-image size-large\"><img loading=\"lazy\" decoding=\"async\" width=\"1024\" height=\"768\" src=\"https:\/\/www.verdeil.ch\/guillermaux\/wp-content\/uploads\/2021\/11\/IMG_4432-1024x768.jpeg\" alt=\"\" class=\"wp-image-7917\" srcset=\"https:\/\/www.verdeil.ch\/guillermaux\/wp-content\/uploads\/2021\/11\/IMG_4432-1024x768.jpeg 1024w, https:\/\/www.verdeil.ch\/guillermaux\/wp-content\/uploads\/2021\/11\/IMG_4432-300x225.jpeg 300w, https:\/\/www.verdeil.ch\/guillermaux\/wp-content\/uploads\/2021\/11\/IMG_4432-768x576.jpeg 768w, https:\/\/www.verdeil.ch\/guillermaux\/wp-content\/uploads\/2021\/11\/IMG_4432-1536x1152.jpeg 1536w, https:\/\/www.verdeil.ch\/guillermaux\/wp-content\/uploads\/2021\/11\/IMG_4432-2048x1536.jpeg 2048w, https:\/\/www.verdeil.ch\/guillermaux\/wp-content\/uploads\/2021\/11\/IMG_4432-150x113.jpeg 150w\" sizes=\"auto, (max-width: 1024px) 100vw, 1024px\" \/><\/figure>\n\n\n<p style=\"text-align: justify;\">L&rsquo;\u00e9cole En Guillermaux fait partie de la Fondation de Verdeil.<\/p>\n<p><img loading=\"lazy\" decoding=\"async\" class=\"aligncenter wp-image-26 size-large\" src=\"http:\/\/www.verdeil.ch\/guillermaux\/wp-content\/uploads\/2015\/10\/2015-09-24-11.19.39-1024x683.jpg\" alt=\"2015-09-24 11.19.39\" width=\"660\" height=\"440\" srcset=\"https:\/\/www.verdeil.ch\/guillermaux\/wp-content\/uploads\/2015\/10\/2015-09-24-11.19.39-1024x683.jpg 1024w, https:\/\/www.verdeil.ch\/guillermaux\/wp-content\/uploads\/2015\/10\/2015-09-24-11.19.39-300x200.jpg 300w\" sizes=\"auto, (max-width: 660px) 100vw, 660px\" \/><\/p>\n<\/p>\n\n\n<p class=\"has-text-align-right\"><em>Page actualis\u00e9e en <\/em>janvier 2024<\/p>\n","protected":false},"excerpt":{"rendered":"<p>L&rsquo;\u00e9cole En Guillermaux Notre \u00e9cole est une \u00e9cole sp\u00e9cialis\u00e9e qui accueille 52 \u00e9l\u00e8ves r\u00e9partis dans 8 classes sur 2 sites. Dans le b\u00e2timent de Payerne, il y a 6 classes.\u00a0En plus des classes, il y a aussi une salle\u00a0\u00e0\u00a0manger, une cuisine pour le cuisinier et une autre pour les \u00e9l\u00e8ves.\u00a0Les\u2026<\/p>\n<p> <a class=\"continue-reading-link\" href=\"https:\/\/www.verdeil.ch\/guillermaux\/page-d-exemple\"><span>Continue reading<\/span><i class=\"crycon-right-dir\"><\/i><\/a> <\/p>\n","protected":false},"author":1,"featured_media":0,"parent":0,"menu_order":1,"comment_status":"open","ping_status":"open","template":"","meta":{"footnotes":""},"class_list":["post-2","page","type-page","status-publish","hentry"],"_links":{"self":[{"href":"https:\/\/www.verdeil.ch\/guillermaux\/wp-json\/wp\/v2\/pages\/2","targetHints":{"allow":["GET"]}}],"collection":[{"href":"https:\/\/www.verdeil.ch\/guillermaux\/wp-json\/wp\/v2\/pages"}],"about":[{"href":"https:\/\/www.verdeil.ch\/guillermaux\/wp-json\/wp\/v2\/types\/page"}],"author":[{"embeddable":true,"href":"https:\/\/www.verdeil.ch\/guillermaux\/wp-json\/wp\/v2\/users\/1"}],"replies":[{"embeddable":true,"href":"https:\/\/www.verdeil.ch\/guillermaux\/wp-json\/wp\/v2\/comments?post=2"}],"version-history":[{"count":19,"href":"https:\/\/www.verdeil.ch\/guillermaux\/wp-json\/wp\/v2\/pages\/2\/revisions"}],"predecessor-version":[{"id":8622,"href":"https:\/\/www.verdeil.ch\/guillermaux\/wp-json\/wp\/v2\/pages\/2\/revisions\/8622"}],"wp:attachment":[{"href":"https:\/\/www.verdeil.ch\/guillermaux\/wp-json\/wp\/v2\/media?parent=2"}],"curies":[{"name":"wp","href":"https:\/\/api.w.org\/{rel}","templated":true}]}}