{"id":2867,"date":"2026-02-05T10:29:19","date_gmt":"2026-02-05T09:29:19","guid":{"rendered":"https:\/\/www.verdeil.ch\/cftem_nord\/?page_id=2867"},"modified":"2026-05-04T09:36:47","modified_gmt":"2026-05-04T08:36:47","slug":"sport","status":"publish","type":"page","link":"https:\/\/www.verdeil.ch\/cftem_nord\/sport\/","title":{"rendered":"Sport"},"content":{"rendered":"\n<p>Les le\u00e7ons d&rsquo;activit\u00e9s sportives se d\u00e9roulent dans la salle de badminton d&rsquo;Yverdon pour les \u00e9l\u00e8ves de TEM et \u00e0 Belmont-sur-Yverdon pour les \u00e9l\u00e8ves de TEM+.<\/p>\n\n\n\n<figure class=\"wp-block-gallery has-nested-images columns-default is-cropped wp-block-gallery-1 is-layout-flex wp-block-gallery-is-layout-flex\">\n<figure class=\"wp-block-image size-large\"><a href=\"https:\/\/www.verdeil.ch\/cftem_nord\/wp-content\/uploads\/2026\/02\/IMG_8902-scaled.png\"><img fetchpriority=\"high\" decoding=\"async\" width=\"471\" height=\"1024\" data-id=\"2886\" src=\"https:\/\/www.verdeil.ch\/cftem_nord\/wp-content\/uploads\/2026\/02\/IMG_8902-471x1024.png\" alt=\"\" class=\"wp-image-2886\" srcset=\"https:\/\/www.verdeil.ch\/cftem_nord\/wp-content\/uploads\/2026\/02\/IMG_8902-471x1024.png 471w, https:\/\/www.verdeil.ch\/cftem_nord\/wp-content\/uploads\/2026\/02\/IMG_8902-138x300.png 138w, https:\/\/www.verdeil.ch\/cftem_nord\/wp-content\/uploads\/2026\/02\/IMG_8902-768x1670.png 768w, https:\/\/www.verdeil.ch\/cftem_nord\/wp-content\/uploads\/2026\/02\/IMG_8902-706x1536.png 706w, https:\/\/www.verdeil.ch\/cftem_nord\/wp-content\/uploads\/2026\/02\/IMG_8902-942x2048.png 942w, https:\/\/www.verdeil.ch\/cftem_nord\/wp-content\/uploads\/2026\/02\/IMG_8902-scaled.png 1177w\" sizes=\"(max-width: 471px) 100vw, 471px\" \/><\/a><\/figure>\n\n\n\n<figure class=\"wp-block-image size-large\"><a href=\"https:\/\/www.verdeil.ch\/cftem_nord\/wp-content\/uploads\/2026\/02\/IMG_8900.jpg\"><img decoding=\"async\" width=\"772\" height=\"1024\" data-id=\"2883\" src=\"https:\/\/www.verdeil.ch\/cftem_nord\/wp-content\/uploads\/2026\/02\/IMG_8900-772x1024.jpg\" alt=\"\" class=\"wp-image-2883\" srcset=\"https:\/\/www.verdeil.ch\/cftem_nord\/wp-content\/uploads\/2026\/02\/IMG_8900-772x1024.jpg 772w, https:\/\/www.verdeil.ch\/cftem_nord\/wp-content\/uploads\/2026\/02\/IMG_8900-226x300.jpg 226w, https:\/\/www.verdeil.ch\/cftem_nord\/wp-content\/uploads\/2026\/02\/IMG_8900-768x1019.jpg 768w, https:\/\/www.verdeil.ch\/cftem_nord\/wp-content\/uploads\/2026\/02\/IMG_8900-1158x1536.jpg 1158w, https:\/\/www.verdeil.ch\/cftem_nord\/wp-content\/uploads\/2026\/02\/IMG_8900.jpg 1206w\" sizes=\"(max-width: 772px) 100vw, 772px\" \/><\/a><\/figure>\n<\/figure>\n\n\n\n<p>Afin de diversifier les pratiques, certaines s\u00e9ances ont lieu \u00e0 l&rsquo;ext\u00e9rieur et permettent la d\u00e9couverte d&rsquo;autres activit\u00e9s telles que la grimpe, la patinoire ou la voile. Nous n&rsquo;h\u00e9sitons pas \u00e0 \u00e9laborer des camps sportifs \u00e9galement !<\/p>\n\n\n\n<figure class=\"wp-block-gallery has-nested-images columns-default is-cropped wp-block-gallery-2 is-layout-flex wp-block-gallery-is-layout-flex\">\n<figure class=\"wp-block-image size-large\"><a href=\"https:\/\/www.verdeil.ch\/cftem_nord\/wp-content\/uploads\/2026\/02\/IMG_8901.jpg\"><img decoding=\"async\" width=\"782\" height=\"1024\" data-id=\"2884\" src=\"https:\/\/www.verdeil.ch\/cftem_nord\/wp-content\/uploads\/2026\/02\/IMG_8901-782x1024.jpg\" alt=\"\" class=\"wp-image-2884\" srcset=\"https:\/\/www.verdeil.ch\/cftem_nord\/wp-content\/uploads\/2026\/02\/IMG_8901-782x1024.jpg 782w, https:\/\/www.verdeil.ch\/cftem_nord\/wp-content\/uploads\/2026\/02\/IMG_8901-229x300.jpg 229w, https:\/\/www.verdeil.ch\/cftem_nord\/wp-content\/uploads\/2026\/02\/IMG_8901-768x1006.jpg 768w, https:\/\/www.verdeil.ch\/cftem_nord\/wp-content\/uploads\/2026\/02\/IMG_8901-1173x1536.jpg 1173w, https:\/\/www.verdeil.ch\/cftem_nord\/wp-content\/uploads\/2026\/02\/IMG_8901.jpg 1206w\" sizes=\"(max-width: 782px) 100vw, 782px\" \/><\/a><\/figure>\n\n\n\n<figure class=\"wp-block-image size-large\"><a href=\"https:\/\/www.verdeil.ch\/cftem_nord\/wp-content\/uploads\/2026\/02\/IMG_8899.jpg\"><img loading=\"lazy\" decoding=\"async\" width=\"768\" height=\"1024\" data-id=\"2882\" src=\"https:\/\/www.verdeil.ch\/cftem_nord\/wp-content\/uploads\/2026\/02\/IMG_8899-768x1024.jpg\" alt=\"\" class=\"wp-image-2882\" srcset=\"https:\/\/www.verdeil.ch\/cftem_nord\/wp-content\/uploads\/2026\/02\/IMG_8899-768x1025.jpg 768w, https:\/\/www.verdeil.ch\/cftem_nord\/wp-content\/uploads\/2026\/02\/IMG_8899-225x300.jpg 225w, https:\/\/www.verdeil.ch\/cftem_nord\/wp-content\/uploads\/2026\/02\/IMG_8899-1151x1536.jpg 1151w, https:\/\/www.verdeil.ch\/cftem_nord\/wp-content\/uploads\/2026\/02\/IMG_8899.jpg 1206w\" sizes=\"(max-width: 768px) 100vw, 768px\" \/><\/a><\/figure>\n<\/figure>\n\n\n\n<p>La ville d&rsquo;Yverdon offre \u00e9galement un environnement propice \u00e0 l&rsquo;activit\u00e9 physique gr\u00e2ce aux nombreuses infrastructures sportives situ\u00e9es \u00e0 proximit\u00e9 du lac dont nous b\u00e9n\u00e9ficions volontiers.<\/p>\n\n\n\n<figure class=\"wp-block-gallery has-nested-images columns-default is-cropped wp-block-gallery-3 is-layout-flex wp-block-gallery-is-layout-flex\">\n<figure class=\"wp-block-image size-large\"><a href=\"https:\/\/www.verdeil.ch\/cftem_nord\/wp-content\/uploads\/2026\/02\/IMG_8898.jpg\"><img loading=\"lazy\" decoding=\"async\" width=\"551\" height=\"1024\" data-id=\"2881\" src=\"https:\/\/www.verdeil.ch\/cftem_nord\/wp-content\/uploads\/2026\/02\/IMG_8898-551x1024.jpg\" alt=\"\" class=\"wp-image-2881\" srcset=\"https:\/\/www.verdeil.ch\/cftem_nord\/wp-content\/uploads\/2026\/02\/IMG_8898-551x1024.jpg 551w, https:\/\/www.verdeil.ch\/cftem_nord\/wp-content\/uploads\/2026\/02\/IMG_8898-162x300.jpg 162w, https:\/\/www.verdeil.ch\/cftem_nord\/wp-content\/uploads\/2026\/02\/IMG_8898-768x1426.jpg 768w, https:\/\/www.verdeil.ch\/cftem_nord\/wp-content\/uploads\/2026\/02\/IMG_8898-827x1536.jpg 827w, https:\/\/www.verdeil.ch\/cftem_nord\/wp-content\/uploads\/2026\/02\/IMG_8898-1103x2048.jpg 1103w, https:\/\/www.verdeil.ch\/cftem_nord\/wp-content\/uploads\/2026\/02\/IMG_8898.jpg 1206w\" sizes=\"(max-width: 551px) 100vw, 551px\" \/><\/a><\/figure>\n\n\n\n<figure class=\"wp-block-image size-large\"><a href=\"https:\/\/www.verdeil.ch\/cftem_nord\/wp-content\/uploads\/2026\/02\/IMG_8897.jpg\"><img loading=\"lazy\" decoding=\"async\" width=\"762\" height=\"1024\" data-id=\"2880\" src=\"https:\/\/www.verdeil.ch\/cftem_nord\/wp-content\/uploads\/2026\/02\/IMG_8897-762x1024.jpg\" alt=\"\" class=\"wp-image-2880\" srcset=\"https:\/\/www.verdeil.ch\/cftem_nord\/wp-content\/uploads\/2026\/02\/IMG_8897-762x1024.jpg 762w, https:\/\/www.verdeil.ch\/cftem_nord\/wp-content\/uploads\/2026\/02\/IMG_8897-223x300.jpg 223w, https:\/\/www.verdeil.ch\/cftem_nord\/wp-content\/uploads\/2026\/02\/IMG_8897-768x1032.jpg 768w, https:\/\/www.verdeil.ch\/cftem_nord\/wp-content\/uploads\/2026\/02\/IMG_8897-1143x1536.jpg 1143w, https:\/\/www.verdeil.ch\/cftem_nord\/wp-content\/uploads\/2026\/02\/IMG_8897.jpg 1206w\" sizes=\"(max-width: 762px) 100vw, 762px\" \/><\/a><\/figure>\n<\/figure>\n\n\n\n<p>L&rsquo;objectif est de bouger mais aussi de d\u00e9couvrir une grand vari\u00e9t\u00e9 d&rsquo;activit\u00e9s qui font du bien, tant sur le plan physique que mental.<\/p>\n\n\n\n<figure class=\"wp-block-gallery has-nested-images columns-default is-cropped wp-block-gallery-4 is-layout-flex wp-block-gallery-is-layout-flex\">\n<figure class=\"wp-block-image size-large\"><a href=\"https:\/\/www.verdeil.ch\/cftem_nord\/wp-content\/uploads\/2026\/03\/002U0574.jpg\"><img loading=\"lazy\" decoding=\"async\" width=\"1024\" height=\"973\" data-id=\"2898\" src=\"https:\/\/www.verdeil.ch\/cftem_nord\/wp-content\/uploads\/2026\/03\/002U0574-1024x973.jpg\" alt=\"\" class=\"wp-image-2898\" srcset=\"https:\/\/www.verdeil.ch\/cftem_nord\/wp-content\/uploads\/2026\/03\/002U0574-1024x973.jpg 1024w, https:\/\/www.verdeil.ch\/cftem_nord\/wp-content\/uploads\/2026\/03\/002U0574-300x285.jpg 300w, https:\/\/www.verdeil.ch\/cftem_nord\/wp-content\/uploads\/2026\/03\/002U0574-768x730.jpg 768w, https:\/\/www.verdeil.ch\/cftem_nord\/wp-content\/uploads\/2026\/03\/002U0574.jpg 1415w\" sizes=\"(max-width: 1024px) 100vw, 1024px\" \/><\/a><\/figure>\n<\/figure>\n\n\n\n<p><strong>Perrine Rusconi &#8211; MAPA<\/strong><\/p>\n\n\n\n<p><strong>Verdeil Sport<\/strong><\/p>\n<p>\u00a0<\/p>\n\n\n\n\n\n\n\n\n","protected":false},"excerpt":{"rendered":"<p>Les le\u00e7ons d&rsquo;activit\u00e9s sportives se d\u00e9roulent dans la salle de badminton d&rsquo;Yverdon pour les \u00e9l\u00e8ves de TEM et \u00e0 Belmont-sur-Yverdon pour les \u00e9l\u00e8ves de TEM+. &hellip;<\/p>\n","protected":false},"author":2,"featured_media":2880,"parent":0,"menu_order":0,"comment_status":"closed","ping_status":"closed","template":"","meta":{"footnotes":""},"class_list":["post-2867","page","type-page","status-publish","has-post-thumbnail","hentry"],"yoast_head":"<!-- This site is optimized with the Yoast SEO plugin v27.5 - https:\/\/yoast.com\/product\/yoast-seo-wordpress\/ -->\n<title>Sport - CF TEM Nord<\/title>\n<meta name=\"robots\" content=\"index, follow, max-snippet:-1, max-image-preview:large, max-video-preview:-1\" \/>\n<link rel=\"canonical\" href=\"https:\/\/www.verdeil.ch\/cftem_nord\/sport\/\" \/>\n<meta property=\"og:locale\" content=\"fr_FR\" \/>\n<meta property=\"og:type\" content=\"article\" \/>\n<meta property=\"og:title\" content=\"Sport - CF TEM Nord\" \/>\n<meta property=\"og:description\" content=\"Les le\u00e7ons d&rsquo;activit\u00e9s sportives se d\u00e9roulent dans la salle de badminton d&rsquo;Yverdon pour les \u00e9l\u00e8ves de TEM et \u00e0 Belmont-sur-Yverdon pour les \u00e9l\u00e8ves de TEM+. &hellip;\" \/>\n<meta property=\"og:url\" content=\"https:\/\/www.verdeil.ch\/cftem_nord\/sport\/\" \/>\n<meta property=\"og:site_name\" content=\"CF TEM Nord\" \/>\n<meta property=\"article:modified_time\" content=\"2026-05-04T08:36:47+00:00\" \/>\n<meta property=\"og:image\" content=\"https:\/\/www.verdeil.ch\/cftem_nord\/wp-content\/uploads\/2026\/02\/IMG_8897.jpg\" \/>\n\t<meta property=\"og:image:width\" content=\"1206\" \/>\n\t<meta property=\"og:image:height\" content=\"1621\" \/>\n\t<meta property=\"og:image:type\" content=\"image\/jpeg\" \/>\n<meta name=\"twitter:card\" content=\"summary_large_image\" \/>\n<meta name=\"twitter:label1\" content=\"Dur\u00e9e de lecture estim\u00e9e\" \/>\n\t<meta name=\"twitter:data1\" content=\"3 minutes\" \/>\n<script type=\"application\/ld+json\" class=\"yoast-schema-graph\">{\"@context\":\"https:\\\/\\\/schema.org\",\"@graph\":[{\"@type\":\"WebPage\",\"@id\":\"https:\\\/\\\/www.verdeil.ch\\\/cftem_nord\\\/sport\\\/\",\"url\":\"https:\\\/\\\/www.verdeil.ch\\\/cftem_nord\\\/sport\\\/\",\"name\":\"Sport - CF TEM Nord\",\"isPartOf\":{\"@id\":\"https:\\\/\\\/www.verdeil.ch\\\/cftem_nord\\\/#website\"},\"primaryImageOfPage\":{\"@id\":\"https:\\\/\\\/www.verdeil.ch\\\/cftem_nord\\\/sport\\\/#primaryimage\"},\"image\":{\"@id\":\"https:\\\/\\\/www.verdeil.ch\\\/cftem_nord\\\/sport\\\/#primaryimage\"},\"thumbnailUrl\":\"https:\\\/\\\/www.verdeil.ch\\\/cftem_nord\\\/wp-content\\\/uploads\\\/2026\\\/02\\\/IMG_8897.jpg\",\"datePublished\":\"2026-02-05T09:29:19+00:00\",\"dateModified\":\"2026-05-04T08:36:47+00:00\",\"breadcrumb\":{\"@id\":\"https:\\\/\\\/www.verdeil.ch\\\/cftem_nord\\\/sport\\\/#breadcrumb\"},\"inLanguage\":\"fr-FR\",\"potentialAction\":[{\"@type\":\"ReadAction\",\"target\":[\"https:\\\/\\\/www.verdeil.ch\\\/cftem_nord\\\/sport\\\/\"]}]},{\"@type\":\"ImageObject\",\"inLanguage\":\"fr-FR\",\"@id\":\"https:\\\/\\\/www.verdeil.ch\\\/cftem_nord\\\/sport\\\/#primaryimage\",\"url\":\"https:\\\/\\\/www.verdeil.ch\\\/cftem_nord\\\/wp-content\\\/uploads\\\/2026\\\/02\\\/IMG_8897.jpg\",\"contentUrl\":\"https:\\\/\\\/www.verdeil.ch\\\/cftem_nord\\\/wp-content\\\/uploads\\\/2026\\\/02\\\/IMG_8897.jpg\",\"width\":1206,\"height\":1621},{\"@type\":\"BreadcrumbList\",\"@id\":\"https:\\\/\\\/www.verdeil.ch\\\/cftem_nord\\\/sport\\\/#breadcrumb\",\"itemListElement\":[{\"@type\":\"ListItem\",\"position\":1,\"name\":\"Accueil\",\"item\":\"https:\\\/\\\/www.verdeil.ch\\\/cftem_nord\\\/\"},{\"@type\":\"ListItem\",\"position\":2,\"name\":\"Sport\"}]},{\"@type\":\"WebSite\",\"@id\":\"https:\\\/\\\/www.verdeil.ch\\\/cftem_nord\\\/#website\",\"url\":\"https:\\\/\\\/www.verdeil.ch\\\/cftem_nord\\\/\",\"name\":\"CF TEM Nord\",\"description\":\"Fondation de Verdeil\",\"publisher\":{\"@id\":\"https:\\\/\\\/www.verdeil.ch\\\/cftem_nord\\\/#organization\"},\"potentialAction\":[{\"@type\":\"SearchAction\",\"target\":{\"@type\":\"EntryPoint\",\"urlTemplate\":\"https:\\\/\\\/www.verdeil.ch\\\/cftem_nord\\\/?s={search_term_string}\"},\"query-input\":{\"@type\":\"PropertyValueSpecification\",\"valueRequired\":true,\"valueName\":\"search_term_string\"}}],\"inLanguage\":\"fr-FR\"},{\"@type\":\"Organization\",\"@id\":\"https:\\\/\\\/www.verdeil.ch\\\/cftem_nord\\\/#organization\",\"name\":\"CFTEM nord\",\"url\":\"https:\\\/\\\/www.verdeil.ch\\\/cftem_nord\\\/\",\"logo\":{\"@type\":\"ImageObject\",\"inLanguage\":\"fr-FR\",\"@id\":\"https:\\\/\\\/www.verdeil.ch\\\/cftem_nord\\\/#\\\/schema\\\/logo\\\/image\\\/\",\"url\":\"https:\\\/\\\/www.verdeil.ch\\\/cftem_nord\\\/wp-content\\\/uploads\\\/2017\\\/11\\\/logo-cftemnord.jpg\",\"contentUrl\":\"https:\\\/\\\/www.verdeil.ch\\\/cftem_nord\\\/wp-content\\\/uploads\\\/2017\\\/11\\\/logo-cftemnord.jpg\",\"width\":106,\"height\":114,\"caption\":\"CFTEM nord\"},\"image\":{\"@id\":\"https:\\\/\\\/www.verdeil.ch\\\/cftem_nord\\\/#\\\/schema\\\/logo\\\/image\\\/\"}}]}<\/script>\n<!-- \/ Yoast SEO plugin. -->","yoast_head_json":{"title":"Sport - CF TEM Nord","robots":{"index":"index","follow":"follow","max-snippet":"max-snippet:-1","max-image-preview":"max-image-preview:large","max-video-preview":"max-video-preview:-1"},"canonical":"https:\/\/www.verdeil.ch\/cftem_nord\/sport\/","og_locale":"fr_FR","og_type":"article","og_title":"Sport - CF TEM Nord","og_description":"Les le\u00e7ons d&rsquo;activit\u00e9s sportives se d\u00e9roulent dans la salle de badminton d&rsquo;Yverdon pour les \u00e9l\u00e8ves de TEM et \u00e0 Belmont-sur-Yverdon pour les \u00e9l\u00e8ves de TEM+. &hellip;","og_url":"https:\/\/www.verdeil.ch\/cftem_nord\/sport\/","og_site_name":"CF TEM Nord","article_modified_time":"2026-05-04T08:36:47+00:00","og_image":[{"width":1206,"height":1621,"url":"https:\/\/www.verdeil.ch\/cftem_nord\/wp-content\/uploads\/2026\/02\/IMG_8897.jpg","type":"image\/jpeg"}],"twitter_card":"summary_large_image","twitter_misc":{"Dur\u00e9e de lecture estim\u00e9e":"3 minutes"},"schema":{"@context":"https:\/\/schema.org","@graph":[{"@type":"WebPage","@id":"https:\/\/www.verdeil.ch\/cftem_nord\/sport\/","url":"https:\/\/www.verdeil.ch\/cftem_nord\/sport\/","name":"Sport - CF TEM Nord","isPartOf":{"@id":"https:\/\/www.verdeil.ch\/cftem_nord\/#website"},"primaryImageOfPage":{"@id":"https:\/\/www.verdeil.ch\/cftem_nord\/sport\/#primaryimage"},"image":{"@id":"https:\/\/www.verdeil.ch\/cftem_nord\/sport\/#primaryimage"},"thumbnailUrl":"https:\/\/www.verdeil.ch\/cftem_nord\/wp-content\/uploads\/2026\/02\/IMG_8897.jpg","datePublished":"2026-02-05T09:29:19+00:00","dateModified":"2026-05-04T08:36:47+00:00","breadcrumb":{"@id":"https:\/\/www.verdeil.ch\/cftem_nord\/sport\/#breadcrumb"},"inLanguage":"fr-FR","potentialAction":[{"@type":"ReadAction","target":["https:\/\/www.verdeil.ch\/cftem_nord\/sport\/"]}]},{"@type":"ImageObject","inLanguage":"fr-FR","@id":"https:\/\/www.verdeil.ch\/cftem_nord\/sport\/#primaryimage","url":"https:\/\/www.verdeil.ch\/cftem_nord\/wp-content\/uploads\/2026\/02\/IMG_8897.jpg","contentUrl":"https:\/\/www.verdeil.ch\/cftem_nord\/wp-content\/uploads\/2026\/02\/IMG_8897.jpg","width":1206,"height":1621},{"@type":"BreadcrumbList","@id":"https:\/\/www.verdeil.ch\/cftem_nord\/sport\/#breadcrumb","itemListElement":[{"@type":"ListItem","position":1,"name":"Accueil","item":"https:\/\/www.verdeil.ch\/cftem_nord\/"},{"@type":"ListItem","position":2,"name":"Sport"}]},{"@type":"WebSite","@id":"https:\/\/www.verdeil.ch\/cftem_nord\/#website","url":"https:\/\/www.verdeil.ch\/cftem_nord\/","name":"CF TEM Nord","description":"Fondation de Verdeil","publisher":{"@id":"https:\/\/www.verdeil.ch\/cftem_nord\/#organization"},"potentialAction":[{"@type":"SearchAction","target":{"@type":"EntryPoint","urlTemplate":"https:\/\/www.verdeil.ch\/cftem_nord\/?s={search_term_string}"},"query-input":{"@type":"PropertyValueSpecification","valueRequired":true,"valueName":"search_term_string"}}],"inLanguage":"fr-FR"},{"@type":"Organization","@id":"https:\/\/www.verdeil.ch\/cftem_nord\/#organization","name":"CFTEM nord","url":"https:\/\/www.verdeil.ch\/cftem_nord\/","logo":{"@type":"ImageObject","inLanguage":"fr-FR","@id":"https:\/\/www.verdeil.ch\/cftem_nord\/#\/schema\/logo\/image\/","url":"https:\/\/www.verdeil.ch\/cftem_nord\/wp-content\/uploads\/2017\/11\/logo-cftemnord.jpg","contentUrl":"https:\/\/www.verdeil.ch\/cftem_nord\/wp-content\/uploads\/2017\/11\/logo-cftemnord.jpg","width":106,"height":114,"caption":"CFTEM nord"},"image":{"@id":"https:\/\/www.verdeil.ch\/cftem_nord\/#\/schema\/logo\/image\/"}}]}},"_links":{"self":[{"href":"https:\/\/www.verdeil.ch\/cftem_nord\/wp-json\/wp\/v2\/pages\/2867","targetHints":{"allow":["GET"]}}],"collection":[{"href":"https:\/\/www.verdeil.ch\/cftem_nord\/wp-json\/wp\/v2\/pages"}],"about":[{"href":"https:\/\/www.verdeil.ch\/cftem_nord\/wp-json\/wp\/v2\/types\/page"}],"author":[{"embeddable":true,"href":"https:\/\/www.verdeil.ch\/cftem_nord\/wp-json\/wp\/v2\/users\/2"}],"replies":[{"embeddable":true,"href":"https:\/\/www.verdeil.ch\/cftem_nord\/wp-json\/wp\/v2\/comments?post=2867"}],"version-history":[{"count":5,"href":"https:\/\/www.verdeil.ch\/cftem_nord\/wp-json\/wp\/v2\/pages\/2867\/revisions"}],"predecessor-version":[{"id":2945,"href":"https:\/\/www.verdeil.ch\/cftem_nord\/wp-json\/wp\/v2\/pages\/2867\/revisions\/2945"}],"wp:featuredmedia":[{"embeddable":true,"href":"https:\/\/www.verdeil.ch\/cftem_nord\/wp-json\/wp\/v2\/media\/2880"}],"wp:attachment":[{"href":"https:\/\/www.verdeil.ch\/cftem_nord\/wp-json\/wp\/v2\/media?parent=2867"}],"curies":[{"name":"wp","href":"https:\/\/api.w.org\/{rel}","templated":true}]}}