{"id":73,"date":"2015-09-03T14:59:59","date_gmt":"2015-09-03T13:59:59","guid":{"rendered":"http:\/\/www.verdeil.ch\/cftem_est\/?page_id=73"},"modified":"2016-01-04T16:01:06","modified_gmt":"2016-01-04T15:01:06","slug":"moulins-15","status":"publish","type":"page","link":"https:\/\/www.verdeil.ch\/cftem_est\/?page_id=73","title":{"rendered":"Moulins 15"},"content":{"rendered":"<p><span style=\"color: #262626;\"><span style=\"font-family: 'Liberation Serif', serif;\"><span style=\"font-size: large;\">Sur ce site, les jeunes sont accompagn\u00e9s par un maitre socio-professionnel, une enseignante ainsi qu&#8217;un-e stagiaire.<\/span><\/span><\/span><\/p>\n<p><span style=\"color: #262626;\"><span style=\"font-family: 'Liberation Serif', serif;\"><span style=\"font-size: large;\">En classe, il est plut\u00f4t question de maintenir les acquis scolaires ainsi que de d\u00e9velopper de nouvelles connaissances. Les liens avec la pratique et le r\u00e9el sont omnipr\u00e9sents. A l&#8217;atelier, les jeunes se familiarisent aux gestes professionnels \u00e0 travers principalement des travaux li\u00e9s au paysagisme. La r\u00e9alit\u00e9 du travail est omnipr\u00e9sente, puisque les t\u00e2ches accomplies sont exclusivement pour une client\u00e8le priv\u00e9e.<\/span><\/span><\/span><\/p>\n<p><a href=\"http:\/\/www.verdeil.ch\/cftem_est\/?cat=5\">Vers le blog du site<\/a><\/p>\n","protected":false},"excerpt":{"rendered":"<p>Sur ce site, les jeunes sont accompagn\u00e9s par un maitre socio-professionnel, une enseignante ainsi qu&#8217;un-e stagiaire. En classe, il est plut\u00f4t question de maintenir les acquis scolaires ainsi que de d\u00e9velopper de nouvelles connaissances. Les liens avec la pratique et le r\u00e9el sont omnipr\u00e9sents. A l&#8217;atelier, les jeunes se familiarisent aux gestes professionnels \u00e0 travers &hellip; <a href=\"https:\/\/www.verdeil.ch\/cftem_est\/?page_id=73\" class=\"more-link\">Lire la suite <span class=\"screen-reader-text\">Moulins 15<\/span><\/a><\/p>\n","protected":false},"author":14,"featured_media":0,"parent":0,"menu_order":0,"comment_status":"closed","ping_status":"closed","template":"","meta":{"footnotes":""},"class_list":["post-73","page","type-page","status-publish","hentry","without-featured-image"],"_links":{"self":[{"href":"https:\/\/www.verdeil.ch\/cftem_est\/index.php?rest_route=\/wp\/v2\/pages\/73","targetHints":{"allow":["GET"]}}],"collection":[{"href":"https:\/\/www.verdeil.ch\/cftem_est\/index.php?rest_route=\/wp\/v2\/pages"}],"about":[{"href":"https:\/\/www.verdeil.ch\/cftem_est\/index.php?rest_route=\/wp\/v2\/types\/page"}],"author":[{"embeddable":true,"href":"https:\/\/www.verdeil.ch\/cftem_est\/index.php?rest_route=\/wp\/v2\/users\/14"}],"replies":[{"embeddable":true,"href":"https:\/\/www.verdeil.ch\/cftem_est\/index.php?rest_route=%2Fwp%2Fv2%2Fcomments&post=73"}],"version-history":[{"count":5,"href":"https:\/\/www.verdeil.ch\/cftem_est\/index.php?rest_route=\/wp\/v2\/pages\/73\/revisions"}],"predecessor-version":[{"id":172,"href":"https:\/\/www.verdeil.ch\/cftem_est\/index.php?rest_route=\/wp\/v2\/pages\/73\/revisions\/172"}],"wp:attachment":[{"href":"https:\/\/www.verdeil.ch\/cftem_est\/index.php?rest_route=%2Fwp%2Fv2%2Fmedia&parent=73"}],"curies":[{"name":"wp","href":"https:\/\/api.w.org\/{rel}","templated":true}]}}